{"id":1086,"date":"2020-04-27T09:00:40","date_gmt":"2020-04-27T07:00:40","guid":{"rendered":"https:\/\/sil-online.nl\/mundo\/services\/wegtransport\/"},"modified":"2020-09-07T12:23:03","modified_gmt":"2020-09-07T10:23:03","slug":"transporte-terrestre","status":"publish","type":"page","link":"https:\/\/mundo-int.com\/es\/servicios\/transporte-terrestre\/","title":{"rendered":"Transporte terrestre"},"content":{"rendered":"\n<p>Su transporte terrestre est\u00e1 en buenas manos con nosotros<\/p>\n\t\t\t<a href=\"https:\/\/mundo-int.com\/es\/solicitud-de-cotizacion\/\" target=\"_self\" role=\"button\" rel=\"noopener noreferrer\">\n\t\t\t\t\t\t\tsolicitar oferta\n\t\t\t\t\t<\/a>\n<h1>\n\t\tSu transporte terrestre\n\t<\/h1>\n\t<p>planeado a la perfecc\u00edon<\/p>\n\t<a href=\"https:\/\/mundo-int.com\/es\/\">Home<\/a> \u00bb <a href=\"https:\/\/mundo-int.com\/es\/servicios\/\">Servicios<\/a> \u00bb Transporte terrestre<h1>\n\t\tTransporte terrestre \n\t<\/h1>\n\t<p>Organizamos su transporte con fiabilidad y precisi\u00f3n. Con grupaje diario, camiones llenos y cargas irregulares en toda Europa logramos que su env\u00edo llegue al destino deseado, siempre y en todas partes. Organizamos su transporte terrestre, mar\u00edtimo de corta distancia, por ferrocarril o intermodal. Nuestra pasi\u00f3n es eliminar sus preocupaciones log\u00edsticas y organizar. Si as\u00ed lo desea, le proporcionamos transporte directo, transporte de contenedores en camiones o entregas in situ. Organizaci\u00f3n flexible y contacto personal. Planificamos su transporte hasta el \u00faltimo detalle.<\/p>\n<p>&nbsp;<\/p>\n<p>Recogemos su carga en Europa, si hace falta proporcionamos dep\u00f3sito temporal en Rotterdam, tras lo cual organizamos el transbordo\u00a0al destino final. O bien organizamos el transporte a Aalsmeer, donde su carga se <a href=\"https:\/\/mundo-int.com\/es\/servicios\/carga-aerea\/\"><u>transborda a un avi\u00f3n<\/u><\/a> hacia el destino final. Por supuesto, tambi\u00e9n viceversa. Entregamos las cargas entrantes a trav\u00e9s de transporte terrestre. De una caja a camiones enteros, pasando por grupaje. Su transporte est\u00e1 en buenas manos con nosotros<\/p>\n\t\t\t\t<img decoding=\"async\" src=\"https:\/\/sil-online.nl\/mundo\/wp-content\/uploads\/2020\/05\/mundo-international-logistics-loading-trucks-projectcargo-gallery.jpg\" alt=\"mundo international logistics loading trucks projectcargo\" itemprop=\"image\" title=\"mundo international logistics loading trucks projectcargo\" onerror=\"this.style.display='none'\"  \/>\n<h2>\n\t\tTransporte por carretera en Europa\n\t<\/h2>\n\t\t\t\t\tTransporte ADR \t\t\t\t\n<p>ADR son las siglas en franc\u00e9s de: <em>Accord europ\u00e9en relatif au transport international des marchandises\u00a0Dangereuses par\u00a0Route<\/em>. En castellano equivalen a:\u00a0Acuerdo europeo relativo al transporte internacional de mercanc\u00edas peligrosas por carretera.<\/p>\n\t<p>Transporte refrigerado<\/p>\n<p>Grupaje, mercanc\u00edas a granel, contenedores<\/p>\n<p>Env\u00edos de dimensiones no est\u00e1ndar y cargas convencionales<\/p>\n<p>Incluidas todas las licencias<\/p>\n\t\t\t\t\tDespacho de aduana \t\t\t\t\n\t\t\t\t\t<p>Mundo gestiona todas las formalidades aduaneras necesarias para el despacho de aduana y la liberaci\u00f3n de sus mercanc\u00edas para el destino final<\/p>\n\t\t\t\t\tDocumentos de tr\u00e1nsito, importaci\u00f3n y exportaci\u00f3n \t\t\t\t\n\t\t\t\t\t<p>Si sus mercanc\u00edas tienen que cruzar una o m\u00e1s fronteras, Mundo se ocupa de los documentos de tr\u00e1nsito necesarios.<\/p>\n\t\t\t\t\tRed mundial\t\t\t\t\n\t\t\t\t\t<p>Formamos parte de varias importantes organizaciones de redes, como Atlas Logistic Network. Esta colaboraci\u00f3n garantiza una buena gesti\u00f3n.<\/p>\n\t<p>Oficinas propias en Aalsmeer, Oud-Beijerland y Panam\u00e1<\/p>\n\t\t\t\t<img decoding=\"async\" src=\"https:\/\/mundo-int.com\/wp-content\/uploads\/2020\/07\/mundo-international-logistics-road-transport.jpg\" alt=\"mundo international road transport\" itemprop=\"image\" title=\"mundo international road transport\" onerror=\"this.style.display='none'\"  \/>\n<h2>\n\t\tTransporte ADR\n\t<\/h2>\n\t<p>En caso de transporte ADR organizamos el transporte de sustancias peligrosas por carretera. Trabajamos exclusivamente con transportistas con certificaci\u00f3n ADR para que sus mercanc\u00edas se transporten con seguridad y conforme a las normas y directrices.<\/p>\n<p>&nbsp;<\/p>\n<p>Organizamos el transporte ADR por transporte terrestre, por carga a\u00e9rea (seg\u00fan el c\u00f3digo IATA de Reglamentaci\u00f3n sobre Mercanc\u00edas Peligrosas) y por carga mar\u00edtima (<em>International Maritime Dangerous Goods<\/em>). Servimos a diversas ramas e industrias, como la industria del pl\u00e1stico, automotriz, textil, construcci\u00f3n, petr\u00f3leo y gas. No facilitamos transporte ADR para IMO 1 (explosivos) ni IMO 7 (material radioactivo). Escoja Mundo Logistics para una eficiente gesti\u00f3n de transporte y la organizaci\u00f3n a escala mundial de su transporte de mercanc\u00edas peligrosas.<\/p>\n\t<h5>Solicite una <a href=\"https:\/\/mundo-int.com\/es\/solicitud-de-cotizacion\/\">oferta<\/a> o llame al <a href=\"tel:31186622252\">+31 (0)186 622252<\/a> para tarifas econ\u00f3micas el transporte.<\/h5>\n\t\t\t\t<img decoding=\"async\" src=\"https:\/\/sil-online.nl\/mundo\/wp-content\/uploads\/2020\/04\/wegtransport.jpg\" alt=\"wegtransport door Mundo International Logistics\" itemprop=\"image\" title=\"wegtransport door Mundo International Logistics\" onerror=\"this.style.display='none'\"  \/>\n<h2>\n\t\tGrupaje\n\t<\/h2>\n\t<p>Si tiene una carga peque\u00f1a para la que no se necesita un cami\u00f3n completo, organizamos transporte de grupaje. Agrupamos varios env\u00edos de distintos clientes con el mismo destino. Como usted comparte los costes con otras partes, la tarifa es m\u00e1s econ\u00f3mica que hacer un env\u00edo por su cuenta por transporte terrestre. Por tanto, una buena soluci\u00f3n. Adem\u00e1s, podemos garantizar transbordos de corta duraci\u00f3n. Por consiguiente, el grupaje es una manera eficiente de transportar mercanc\u00edas, lo cual tambi\u00e9n es mejor para el medio ambiente.<\/p>\n<p>&nbsp;<\/p>\n<p>Dependiendo de su destino, organizamos su env\u00edo parcial a trav\u00e9s de transporte terrestre, carga a\u00e9rea y\/o mar\u00edtima.<\/p>\n\t\t\t<a href=\"https:\/\/mundo-int.com\/es\/solicitud-de-cotizacion\/\" target=\"_self\" role=\"button\" rel=\"noopener noreferrer\">\n\t\t\t\t\t\t\tsolicitar oferta\n\t\t\t\t\t<\/a>\n<h4>\n\t\ttodos nuestros servicios seguidos\n\t<\/h4>\n\t\t\t\t<a href=\"https:\/\/mundo-int.com\/es\/servicios\/carga-aerea\/\" target=\"_self\" itemprop=\"url\" rel=\"noopener noreferrer\">\n\t\t\t\t<img loading=\"lazy\" decoding=\"async\" src=\"https:\/\/mundo-int.com\/wp-content\/uploads\/2020\/04\/luchtvracht.jpg\" alt=\"Luchtvracht Transport Mundo International Logistics\" itemprop=\"image\" height=\"678\" width=\"678\" title=\"Luchtvracht Transport Mundo International Logistics\" onerror=\"this.style.display='none'\"  \/>\n\t\t\t\t<\/a>\n\t\t\t\t<a href=\"https:\/\/mundo-int.com\/es\/servicios\/carga-convencional\/\" target=\"_self\" itemprop=\"url\" rel=\"noopener noreferrer\">\n\t\t\t\t<img loading=\"lazy\" decoding=\"async\" src=\"https:\/\/mundo-int.com\/wp-content\/uploads\/2020\/04\/projectlading.jpg\" alt=\"Mundo International Logistics is gespecialiseerd in projectlading.\" itemprop=\"image\" height=\"678\" width=\"678\" title=\"Mundo International Logistics is gespecialiseerd in projectlading.\" onerror=\"this.style.display='none'\"  \/>\n\t\t\t\t<\/a>\n\t\t\t\t<a href=\"https:\/\/mundo-int.com\/es\/servicios\/carga-maritima\/\" target=\"_self\" itemprop=\"url\" rel=\"noopener noreferrer\">\n\t\t\t\t<img loading=\"lazy\" decoding=\"async\" src=\"https:\/\/mundo-int.com\/wp-content\/uploads\/2020\/04\/zeevracht.jpg\" alt=\"zeecontainers op een cargoschip Mundo International Logistics\" itemprop=\"image\" height=\"678\" width=\"678\" title=\"zeecontainers op een cargoschip Mundo International Logistics\" onerror=\"this.style.display='none'\"  \/>\n\t\t\t\t<\/a>\n\t\t\t\t<a href=\"https:\/\/mundo-int.com\/es\/servicios\/transporte-terrestre\/\" target=\"_self\" itemprop=\"url\" rel=\"noopener noreferrer\">\n\t\t\t\t<img loading=\"lazy\" decoding=\"async\" src=\"https:\/\/mundo-int.com\/wp-content\/uploads\/2020\/04\/wegtransport.jpg\" alt=\"wegtransport door Mundo International Logistics\" itemprop=\"image\" height=\"678\" width=\"678\" title=\"wegtransport door Mundo International Logistics\" onerror=\"this.style.display='none'\"  \/>\n\t\t\t\t<\/a>\n\t\t\t\t<a href=\"https:\/\/mundo-int.com\/es\/servicios\/deposito-temporal\/\" target=\"_self\" itemprop=\"url\" rel=\"noopener noreferrer\">\n\t\t\t\t<img loading=\"lazy\" decoding=\"async\" src=\"https:\/\/mundo-int.com\/wp-content\/uploads\/2020\/04\/warehousing.jpg\" alt=\"warehousing door Mundo International Logistics\" itemprop=\"image\" height=\"678\" width=\"678\" title=\"warehousing door Mundo International Logistics\" onerror=\"this.style.display='none'\"  \/>\n\t\t\t\t<\/a>\n\t<h3><a href=\"https:\/\/sil-online.nl\/mundo\/mundo-hoofkantoor\/\">Mundo International Logistics B.V.(Head office)<\/h3>\n<\/a><br \/>\nBeneden Molendijk 29<br \/>\n3262 AA Oud-Beijerland<br \/>\nThe Netherlands &#8211; <a href=\"https:\/\/goo.gl\/maps\/DB5sXFk4N3Db6sKa9\" target=\"_blank\" rel=\"noopener noreferrer\">route<\/a><br \/>\nChamber of Commerce nr. 52108856\nT \u00a0+31 (0)186 622252<br \/>\nE \u00a0<a href=\"mailto:sales@mundo-int.com\">sales@mundo-int.com<\/a>\n\t<h3><a href=\"https:\/\/sil-online.nl\/mundo\/mundo-aalsmeer\/\">Mundo Airfreight<\/a><\/h3>\nAalsmeerderweg 47 Unit 6A<br \/>\n1432 CG Aalsmeer<br \/>\nThe Netherlands &#8211; <a href=\"https:\/\/goo.gl\/maps\/C1XG4Z5zpFdBFrMv6\" target=\"_blank\" rel=\"noopener noreferrer\">route<\/a>\nT \u00a0+31 (0)20 4055071<br \/>\nE \u00a0<a href=\"mailto:airfreight@mundo-int.com\">airfreight@mundo-int.com<\/a>\n\t<h3><a href=\"https:\/\/sil-online.nl\/mundo\/mundo-panama\/\">Mundo Internacional Panam\u00e1 S.A.<\/a><\/h3>\nCalle 4ta, Avenida 4ta<br \/>\nFrance Field<br \/>\nColon Free Zone<br \/>\nPanama &#8211; <a href=\"https:\/\/goo.gl\/maps\/zoL2Ty9uXESTe1DBA\" target=\"_blank\" rel=\"noopener noreferrer\">route<\/a>\n<p>E \u00a0<a href=\"mailto:sales-panama@mundo-int.com\">sales-panama@mundo-int.com<\/a><\/p>\n\t\t\t<a href=\"https:\/\/mundo-int.com\/es\/contact\/\" target=\"_self\" role=\"button\" rel=\"noopener noreferrer\">\n\t\t\t\t\t\t\tCONTACTO\n\t\t\t\t\t<\/a>\n","protected":false},"excerpt":{"rendered":"<p>Su transporte terrestre est\u00e1 en buenas manos con nosotros solicitar oferta Su transporte terrestre planeado a la perfecc\u00edon Home \u00bb Servicios \u00bb Transporte terrestre Transporte terrestre Organizamos su transporte con fiabilidad y precisi\u00f3n. Con grupaje diario, camiones llenos y cargas irregulares en toda Europa logramos que su env\u00edo llegue al destino deseado, siempre y en&hellip;<\/p>\n","protected":false},"author":1,"featured_media":0,"parent":1078,"menu_order":0,"comment_status":"closed","ping_status":"closed","template":"","meta":{"inline_featured_image":false,"footnotes":""},"class_list":["post-1086","page","type-page","status-publish","hentry"],"yoast_head":"<!-- This site is optimized with the Yoast SEO plugin v25.6 - https:\/\/yoast.com\/wordpress\/plugins\/seo\/ -->\n<title>Organizamos su transporte terrestre con fiabilidad y precisi\u00f3n.<\/title>\n<meta name=\"description\" content=\"Nos complace encargarnos de su transporte terrestre. Nuestra pasi\u00f3n es llevar y organizar sus inquietudes log\u00edsticas.\" \/>\n<meta name=\"robots\" content=\"index, follow, max-snippet:-1, max-image-preview:large, max-video-preview:-1\" \/>\n<link rel=\"canonical\" href=\"https:\/\/mundo-int.com\/es\/servicios\/transporte-terrestre\/\" \/>\n<meta property=\"og:locale\" content=\"es_ES\" \/>\n<meta property=\"og:type\" content=\"article\" \/>\n<meta property=\"og:title\" content=\"Organizamos su transporte terrestre con fiabilidad y precisi\u00f3n.\" \/>\n<meta property=\"og:description\" content=\"Nos complace encargarnos de su transporte terrestre. Nuestra pasi\u00f3n es llevar y organizar sus inquietudes log\u00edsticas.\" \/>\n<meta property=\"og:url\" content=\"https:\/\/mundo-int.com\/es\/servicios\/transporte-terrestre\/\" \/>\n<meta property=\"og:site_name\" content=\"Mundo\" \/>\n<meta property=\"article:publisher\" content=\"https:\/\/www.facebook.com\/mundointernational\/\" \/>\n<meta property=\"article:modified_time\" content=\"2020-09-07T10:23:03+00:00\" \/>\n<meta property=\"og:image\" content=\"https:\/\/sil-online.nl\/mundo\/wp-content\/uploads\/2020\/05\/mundo-international-logistics-loading-trucks-projectcargo-gallery.jpg\" \/>\n<meta name=\"twitter:card\" content=\"summary_large_image\" \/>\n<meta name=\"twitter:label1\" content=\"Tiempo de lectura\" \/>\n\t<meta name=\"twitter:data1\" content=\"3 minutos\" \/>\n<script type=\"application\/ld+json\" class=\"yoast-schema-graph\">{\"@context\":\"https:\/\/schema.org\",\"@graph\":[{\"@type\":\"WebPage\",\"@id\":\"https:\/\/mundo-int.com\/es\/servicios\/transporte-terrestre\/\",\"url\":\"https:\/\/mundo-int.com\/es\/servicios\/transporte-terrestre\/\",\"name\":\"Organizamos su transporte terrestre con fiabilidad y precisi\u00f3n.\",\"isPartOf\":{\"@id\":\"https:\/\/mundo-int.com\/es\/#website\"},\"primaryImageOfPage\":{\"@id\":\"https:\/\/mundo-int.com\/es\/servicios\/transporte-terrestre\/#primaryimage\"},\"image\":{\"@id\":\"https:\/\/mundo-int.com\/es\/servicios\/transporte-terrestre\/#primaryimage\"},\"thumbnailUrl\":\"https:\/\/sil-online.nl\/mundo\/wp-content\/uploads\/2020\/05\/mundo-international-logistics-loading-trucks-projectcargo-gallery.jpg\",\"datePublished\":\"2020-04-27T07:00:40+00:00\",\"dateModified\":\"2020-09-07T10:23:03+00:00\",\"description\":\"Nos complace encargarnos de su transporte terrestre. Nuestra pasi\u00f3n es llevar y organizar sus inquietudes log\u00edsticas.\",\"breadcrumb\":{\"@id\":\"https:\/\/mundo-int.com\/es\/servicios\/transporte-terrestre\/#breadcrumb\"},\"inLanguage\":\"es\",\"potentialAction\":[{\"@type\":\"ReadAction\",\"target\":[\"https:\/\/mundo-int.com\/es\/servicios\/transporte-terrestre\/\"]}]},{\"@type\":\"ImageObject\",\"inLanguage\":\"es\",\"@id\":\"https:\/\/mundo-int.com\/es\/servicios\/transporte-terrestre\/#primaryimage\",\"url\":\"https:\/\/sil-online.nl\/mundo\/wp-content\/uploads\/2020\/05\/mundo-international-logistics-loading-trucks-projectcargo-gallery.jpg\",\"contentUrl\":\"https:\/\/sil-online.nl\/mundo\/wp-content\/uploads\/2020\/05\/mundo-international-logistics-loading-trucks-projectcargo-gallery.jpg\"},{\"@type\":\"BreadcrumbList\",\"@id\":\"https:\/\/mundo-int.com\/es\/servicios\/transporte-terrestre\/#breadcrumb\",\"itemListElement\":[{\"@type\":\"ListItem\",\"position\":1,\"name\":\"Home\",\"item\":\"https:\/\/mundo-int.com\/es\/\"},{\"@type\":\"ListItem\",\"position\":2,\"name\":\"Servicios\",\"item\":\"https:\/\/mundo-int.com\/es\/servicios\/\"},{\"@type\":\"ListItem\",\"position\":3,\"name\":\"Transporte terrestre\"}]},{\"@type\":\"WebSite\",\"@id\":\"https:\/\/mundo-int.com\/es\/#website\",\"url\":\"https:\/\/mundo-int.com\/es\/\",\"name\":\"Mundo International\",\"description\":\"International Logistics\",\"publisher\":{\"@id\":\"https:\/\/mundo-int.com\/es\/#organization\"},\"potentialAction\":[{\"@type\":\"SearchAction\",\"target\":{\"@type\":\"EntryPoint\",\"urlTemplate\":\"https:\/\/mundo-int.com\/es\/?s={search_term_string}\"},\"query-input\":{\"@type\":\"PropertyValueSpecification\",\"valueRequired\":true,\"valueName\":\"search_term_string\"}}],\"inLanguage\":\"es\"},{\"@type\":\"Organization\",\"@id\":\"https:\/\/mundo-int.com\/es\/#organization\",\"name\":\"Mundo International Logistics\",\"alternateName\":\"Mundo\",\"url\":\"https:\/\/mundo-int.com\/es\/\",\"logo\":{\"@type\":\"ImageObject\",\"inLanguage\":\"es\",\"@id\":\"https:\/\/mundo-int.com\/es\/#\/schema\/logo\/image\/\",\"url\":\"https:\/\/mundo-int.com\/wp-content\/uploads\/2020\/04\/logo-Mundo-rood.svg\",\"contentUrl\":\"https:\/\/mundo-int.com\/wp-content\/uploads\/2020\/04\/logo-Mundo-rood.svg\",\"width\":\"1024\",\"height\":\"1024\",\"caption\":\"Mundo International Logistics\"},\"image\":{\"@id\":\"https:\/\/mundo-int.com\/es\/#\/schema\/logo\/image\/\"},\"sameAs\":[\"https:\/\/www.facebook.com\/mundointernational\/\"]}]}<\/script>\n<!-- \/ Yoast SEO plugin. -->","yoast_head_json":{"title":"Organizamos su transporte terrestre con fiabilidad y precisi\u00f3n.","description":"Nos complace encargarnos de su transporte terrestre. Nuestra pasi\u00f3n es llevar y organizar sus inquietudes log\u00edsticas.","robots":{"index":"index","follow":"follow","max-snippet":"max-snippet:-1","max-image-preview":"max-image-preview:large","max-video-preview":"max-video-preview:-1"},"canonical":"https:\/\/mundo-int.com\/es\/servicios\/transporte-terrestre\/","og_locale":"es_ES","og_type":"article","og_title":"Organizamos su transporte terrestre con fiabilidad y precisi\u00f3n.","og_description":"Nos complace encargarnos de su transporte terrestre. Nuestra pasi\u00f3n es llevar y organizar sus inquietudes log\u00edsticas.","og_url":"https:\/\/mundo-int.com\/es\/servicios\/transporte-terrestre\/","og_site_name":"Mundo","article_publisher":"https:\/\/www.facebook.com\/mundointernational\/","article_modified_time":"2020-09-07T10:23:03+00:00","og_image":[{"url":"https:\/\/sil-online.nl\/mundo\/wp-content\/uploads\/2020\/05\/mundo-international-logistics-loading-trucks-projectcargo-gallery.jpg","type":"","width":"","height":""}],"twitter_card":"summary_large_image","twitter_misc":{"Tiempo de lectura":"3 minutos"},"schema":{"@context":"https:\/\/schema.org","@graph":[{"@type":"WebPage","@id":"https:\/\/mundo-int.com\/es\/servicios\/transporte-terrestre\/","url":"https:\/\/mundo-int.com\/es\/servicios\/transporte-terrestre\/","name":"Organizamos su transporte terrestre con fiabilidad y precisi\u00f3n.","isPartOf":{"@id":"https:\/\/mundo-int.com\/es\/#website"},"primaryImageOfPage":{"@id":"https:\/\/mundo-int.com\/es\/servicios\/transporte-terrestre\/#primaryimage"},"image":{"@id":"https:\/\/mundo-int.com\/es\/servicios\/transporte-terrestre\/#primaryimage"},"thumbnailUrl":"https:\/\/sil-online.nl\/mundo\/wp-content\/uploads\/2020\/05\/mundo-international-logistics-loading-trucks-projectcargo-gallery.jpg","datePublished":"2020-04-27T07:00:40+00:00","dateModified":"2020-09-07T10:23:03+00:00","description":"Nos complace encargarnos de su transporte terrestre. Nuestra pasi\u00f3n es llevar y organizar sus inquietudes log\u00edsticas.","breadcrumb":{"@id":"https:\/\/mundo-int.com\/es\/servicios\/transporte-terrestre\/#breadcrumb"},"inLanguage":"es","potentialAction":[{"@type":"ReadAction","target":["https:\/\/mundo-int.com\/es\/servicios\/transporte-terrestre\/"]}]},{"@type":"ImageObject","inLanguage":"es","@id":"https:\/\/mundo-int.com\/es\/servicios\/transporte-terrestre\/#primaryimage","url":"https:\/\/sil-online.nl\/mundo\/wp-content\/uploads\/2020\/05\/mundo-international-logistics-loading-trucks-projectcargo-gallery.jpg","contentUrl":"https:\/\/sil-online.nl\/mundo\/wp-content\/uploads\/2020\/05\/mundo-international-logistics-loading-trucks-projectcargo-gallery.jpg"},{"@type":"BreadcrumbList","@id":"https:\/\/mundo-int.com\/es\/servicios\/transporte-terrestre\/#breadcrumb","itemListElement":[{"@type":"ListItem","position":1,"name":"Home","item":"https:\/\/mundo-int.com\/es\/"},{"@type":"ListItem","position":2,"name":"Servicios","item":"https:\/\/mundo-int.com\/es\/servicios\/"},{"@type":"ListItem","position":3,"name":"Transporte terrestre"}]},{"@type":"WebSite","@id":"https:\/\/mundo-int.com\/es\/#website","url":"https:\/\/mundo-int.com\/es\/","name":"Mundo International","description":"International Logistics","publisher":{"@id":"https:\/\/mundo-int.com\/es\/#organization"},"potentialAction":[{"@type":"SearchAction","target":{"@type":"EntryPoint","urlTemplate":"https:\/\/mundo-int.com\/es\/?s={search_term_string}"},"query-input":{"@type":"PropertyValueSpecification","valueRequired":true,"valueName":"search_term_string"}}],"inLanguage":"es"},{"@type":"Organization","@id":"https:\/\/mundo-int.com\/es\/#organization","name":"Mundo International Logistics","alternateName":"Mundo","url":"https:\/\/mundo-int.com\/es\/","logo":{"@type":"ImageObject","inLanguage":"es","@id":"https:\/\/mundo-int.com\/es\/#\/schema\/logo\/image\/","url":"https:\/\/mundo-int.com\/wp-content\/uploads\/2020\/04\/logo-Mundo-rood.svg","contentUrl":"https:\/\/mundo-int.com\/wp-content\/uploads\/2020\/04\/logo-Mundo-rood.svg","width":"1024","height":"1024","caption":"Mundo International Logistics"},"image":{"@id":"https:\/\/mundo-int.com\/es\/#\/schema\/logo\/image\/"},"sameAs":["https:\/\/www.facebook.com\/mundointernational\/"]}]}},"_links":{"self":[{"href":"https:\/\/mundo-int.com\/es\/wp-json\/wp\/v2\/pages\/1086"}],"collection":[{"href":"https:\/\/mundo-int.com\/es\/wp-json\/wp\/v2\/pages"}],"about":[{"href":"https:\/\/mundo-int.com\/es\/wp-json\/wp\/v2\/types\/page"}],"author":[{"embeddable":true,"href":"https:\/\/mundo-int.com\/es\/wp-json\/wp\/v2\/users\/1"}],"replies":[{"embeddable":true,"href":"https:\/\/mundo-int.com\/es\/wp-json\/wp\/v2\/comments?post=1086"}],"version-history":[{"count":19,"href":"https:\/\/mundo-int.com\/es\/wp-json\/wp\/v2\/pages\/1086\/revisions"}],"predecessor-version":[{"id":1919,"href":"https:\/\/mundo-int.com\/es\/wp-json\/wp\/v2\/pages\/1086\/revisions\/1919"}],"up":[{"embeddable":true,"href":"https:\/\/mundo-int.com\/es\/wp-json\/wp\/v2\/pages\/1078"}],"wp:attachment":[{"href":"https:\/\/mundo-int.com\/es\/wp-json\/wp\/v2\/media?parent=1086"}],"curies":[{"name":"wp","href":"https:\/\/api.w.org\/{rel}","templated":true}]}}