{"id":1082,"date":"2020-04-27T06:59:35","date_gmt":"2020-04-27T04:59:35","guid":{"rendered":"https:\/\/sil-online.nl\/mundo\/services\/project-lading\/"},"modified":"2020-09-02T16:10:26","modified_gmt":"2020-09-02T14:10:26","slug":"carga-convencional","status":"publish","type":"page","link":"https:\/\/mundo-int.com\/es\/servicios\/carga-convencional\/","title":{"rendered":"Carga convencional"},"content":{"rendered":"\n<p>Su carga convencional llega segura al destino final<\/p>\n<p>Somos previsores<\/p>\n\t\t\t<a href=\"https:\/\/mundo-int.com\/es\/solicitud-de-cotizacion\/\" target=\"_self\" role=\"button\" rel=\"noopener noreferrer\">\n\t\t\t\t\t\t\tsolicitar oferta\n\t\t\t\t\t<\/a>\n<h1>\n\t\tCarga convencional \n\t<\/h1>\n\t<p>Nuestra especialidad<\/p>\n\t<a href=\"https:\/\/mundo-int.com\/es\/\">Home<\/a> \u00bb <a href=\"https:\/\/mundo-int.com\/es\/servicios\/\">Servicios<\/a> \u00bb Carga convencional<h2>\n\t\tCarga convencional\n\t<\/h2>\n\t<p>Mundo International Logistics est\u00e1 especializado en carga convencional. Cuanto m\u00e1s \u00fanica, mejor. Para nosotros, nada es demasiado grande, demasiado largo, pesado o alto. Nos gustan los desaf\u00edos. Nuestro experimentado equipo de gesti\u00f3n de proyectos le ayudar\u00e1 con su <u>carga mar\u00edtima<\/u>, mercanc\u00edas de granel, fletamento total o parcial de buques y transporte previo. Lo pensamos todo con usted, de la A a la Z.<\/p>\n<p>&nbsp;<\/p>\n<p>As\u00ed, por ejemplo, le podemos suministrar otro tipo de aparatos de envase y embalaje, aparatos para estibadores y de cargue y descargue, como servicio adicional para su transporte excepcional. No hace falta ni siquiera que su carga est\u00e9 en Holanda.<\/p>\n<p>&nbsp;<\/p>\n<p>\u00c1frica Occidental, la zona del Caribe, Am\u00e9rica del Sur, el Lejano Oriente. Facilitamos un transporte seguro por todo el mundo para su carga convencional. De f\u00e1brica a destino final. De inspecciones a asistencia policial. Somos previsores y no dejamos nada al azar. Organizamos su carga convencional y el transporte especial puerta a puerta.<\/p>\n\t\t\t\t<img decoding=\"async\" src=\"https:\/\/mundo-int.com\/wp-content\/uploads\/2020\/07\/cargo-plane-mundo.jpg\" alt=\"loading plane cargo Mundo International Logistics\" itemprop=\"image\" title=\"loading plane cargo Mundo International Logistics\" onerror=\"this.style.display='none'\"  \/>\n<h2>\n\t\tSu carga convencional, segura al lugar de destino\n\t<\/h2>\n\t<p>Organizaci\u00f3n del env\u00edo de su carga convencional a todo el mundo<\/p>\n<p>De f\u00e1brica a destino final<\/p>\n\t\t\t\t\tTransporte excepcional y de dimensiones superiores al est\u00e1ndar\t\t\t\t\n\t\t\t\t\t<p>Mundo es especialista en transporte especial. Nos gustan los desaf\u00edos<\/p>\n\t\t\t\t\tAmplia red internacional\t\t\t\t\n\t\t\t\t\t<p>Mundo est\u00e1 adherido a <a href=\"https:\/\/atlas-network.com\/\">Atlas<\/a>, por lo que cuenta con una red fiable de agentes por todo el mundo<\/p>\n\t\t\t\t\tOficina y empleados propios en Panam\u00e1\t\t\t\t\n\t\t\t\t\t<p>Puesto que somos especialistas en el transporte a Panam\u00e1, Cuba y dem\u00e1s pa\u00edses latinoamericanos, tenemos nuestra propia oficina en Panam\u00e1:\u00a0<a href=\"about:blank\">Mundo Internacional Panam\u00e1 S.A.<\/a>\u00a0<\/p>\n\t<p>Gesti\u00f3n de licencias y exenciones<\/p>\n<p>Gestiones aduaneras completas<\/p>\n<p>Atenci\u00f3n personal y dedicado<\/p>\n<p>Precisi\u00f3n y visi\u00f3n de helic\u00f3ptero<\/p>\n<h2>\n\t\tTransporte especial \u2013 A todo el mundo \n\t<\/h2>\n\t<p>Una carga especial requiere transporte especial. Con nuestros conocimientos en el manejo de cargas pesadas, de dimensiones superiores al est\u00e1ndar y cargas complejas, su carga convencional est\u00e1 en buenas manos con nosotros. Operamos a escala mundial. Sobre todo por v\u00eda mar\u00edtima y terrestre, y, cuando es posible, por v\u00eda a\u00e9rea. Nos puede confiar con toda tranquilidad la organizaci\u00f3n de su carga convencional. Nos hemos afirmado ampliamente con la organizaci\u00f3n de transporte especial.<\/p>\n<p>&nbsp;<\/p>\n<p>De voluminosos generadores, transformadores pesados, tubos largos, materiales de construcci\u00f3n, componentes de molinos de viento, chasis especiales y partes de puentes, a f\u00e1bricas enteras. Nuestro punto fuerte reside en eliminar totalmente sus preocupaciones log\u00edsticas. Las rutas locales se inspeccionan de antemano, se solicitan las licencias y exenciones requeridas, se proporciona orientaci\u00f3n especial y material de elevaci\u00f3n. Organizamos todos los detalles para su transporte especial, del principio al final.<\/p>\n\t\t\t\t<img decoding=\"async\" src=\"https:\/\/mundo-int.com\/wp-content\/uploads\/2020\/07\/mundo-international-logistics-project-cargo-loading-tubes.jpg\" alt=\"mundo international logistics project cargo loading tubes\" itemprop=\"image\" title=\"mundo international logistics project cargo loading tubes\" onerror=\"this.style.display='none'\"  \/>\n\t<h5>Evite sorpresas desagradables. Conf\u00ede el transporte de su carga convencional a Mundo Logistics. \u00bfEn qu\u00e9 podemos servirle? Solicite una <a href=\"https:\/\/mundo-int.com\/es\/solicitud-de-cotizacion\/\"><u>oferta<\/u><\/a>\u00a0o llame al <a href=\"tel:31186622252\">+31 (0)186 622252<\/a><\/h5>\n\t\t\t\t<img decoding=\"async\" src=\"https:\/\/sil-online.nl\/mundo\/wp-content\/uploads\/2020\/05\/mundo-international-logistics-loading-ship-project-inside-page.jpg\" alt=\"bulk heavy lift mundo international logistics loading ship projectcargo\" itemprop=\"image\" title=\"bulk heavy lift mundo international logistics loading ship projectcargo\" onerror=\"this.style.display='none'\"  \/>\n<h2>\n\t\tTransporte excepcional, con una organizaci\u00f3n especial\n\t<\/h2>\n\t<p>La carga excepcional requiere un transporte excepcional. Si las mercanc\u00edas son demasiado grandes o demasiado pesadas para ser enviadas de forma est\u00e1ndar, a este tipo de carga se llama carga convencional. Sea cual sea el destino final, nuestro equipo de proyectos se cuidar\u00e1 de organizar su env\u00edo. Desde una preparaci\u00f3n minuciosa y precisi\u00f3n en la planificaci\u00f3n, hasta una intensa participaci\u00f3n en su transporte excepcional. Sabemos qu\u00e9 se requiere para organizar su carga a escala mundial de forma eficiente, segura, y dentro del presupuesto. Dondequiera que est\u00e9 su carga, nuestro equipo le mantendr\u00e1 al corriente con exactitud.<\/p>\n\t\t\t<a href=\"https:\/\/mundo-int.com\/es\/solicitud-de-cotizacion\/\" target=\"_self\" role=\"button\" rel=\"noopener noreferrer\">\n\t\t\t\t\t\t\tsolicitar oferta\n\t\t\t\t\t<\/a>\n<h4>\n\t\ttodos nuestros servicios seguidos\n\t<\/h4>\n\t\t\t\t<a href=\"https:\/\/mundo-int.com\/es\/servicios\/carga-aerea\/\" target=\"_self\" itemprop=\"url\" rel=\"noopener noreferrer\">\n\t\t\t\t<img loading=\"lazy\" decoding=\"async\" src=\"https:\/\/mundo-int.com\/wp-content\/uploads\/2020\/04\/luchtvracht.jpg\" alt=\"luchtvracht wereldwijd door Mundo International Logistics\" itemprop=\"image\" height=\"678\" width=\"678\" title=\"luchtvracht wereldwijd door Mundo International Logistics\" onerror=\"this.style.display='none'\"  \/>\n\t\t\t\t<\/a>\n\t\t\t\t<a href=\"https:\/\/mundo-int.com\/es\/servicios\/carga-convencional\/\" target=\"_self\" itemprop=\"url\" rel=\"noopener noreferrer\">\n\t\t\t\t<img loading=\"lazy\" decoding=\"async\" src=\"https:\/\/mundo-int.com\/wp-content\/uploads\/2020\/04\/projectlading.jpg\" alt=\"projectlading door Mundo International Logistics\" itemprop=\"image\" height=\"678\" width=\"678\" title=\"projectlading door Mundo International Logistics\" onerror=\"this.style.display='none'\"  \/>\n\t\t\t\t<\/a>\n\t\t\t\t<a href=\"https:\/\/mundo-int.com\/es\/servicios\/carga-maritima\/\" target=\"_self\" itemprop=\"url\" rel=\"noopener noreferrer\">\n\t\t\t\t<img loading=\"lazy\" decoding=\"async\" src=\"https:\/\/mundo-int.com\/wp-content\/uploads\/2020\/04\/zeevracht.jpg\" alt=\"zeecontainers op een cargoschip Mundo International Logistics\" itemprop=\"image\" height=\"678\" width=\"678\" title=\"zeecontainers op een cargoschip Mundo International Logistics\" onerror=\"this.style.display='none'\"  \/>\n\t\t\t\t<\/a>\n\t\t\t\t<a href=\"https:\/\/mundo-int.com\/es\/servicios\/transporte-terrestre\/\" target=\"_self\" itemprop=\"url\" rel=\"noopener noreferrer\">\n\t\t\t\t<img loading=\"lazy\" decoding=\"async\" src=\"https:\/\/mundo-int.com\/wp-content\/uploads\/2020\/04\/wegtransport.jpg\" alt=\"wegtransport door Mundo International Logistics\" itemprop=\"image\" height=\"678\" width=\"678\" title=\"wegtransport door Mundo International Logistics\" onerror=\"this.style.display='none'\"  \/>\n\t\t\t\t<\/a>\n\t\t\t\t<a href=\"https:\/\/mundo-int.com\/es\/servicios\/deposito-temporal\/\" target=\"_self\" itemprop=\"url\" rel=\"noopener noreferrer\">\n\t\t\t\t<img loading=\"lazy\" decoding=\"async\" src=\"https:\/\/mundo-int.com\/wp-content\/uploads\/2020\/04\/warehousing.jpg\" alt=\"warehousing door Mundo International Logistics\" itemprop=\"image\" height=\"678\" width=\"678\" title=\"warehousing door Mundo International Logistics\" onerror=\"this.style.display='none'\"  \/>\n\t\t\t\t<\/a>\n\t<h3><a href=\"https:\/\/sil-online.nl\/mundo\/mundo-hoofkantoor\/\">Mundo International Logistics B.V.(Head office)<\/h3>\n<\/a><br \/>\nBeneden Molendijk 29<br \/>\n3262 AA Oud-Beijerland<br \/>\nThe Netherlands &#8211; <a href=\"https:\/\/goo.gl\/maps\/DB5sXFk4N3Db6sKa9\" target=\"_blank\" rel=\"noopener noreferrer\">route<\/a><br \/>\nChamber of Commerce nr. 52108856\nT \u00a0+31 (0)186 622252<br \/>\nE \u00a0<a href=\"mailto:sales@mundo-int.com\">sales@mundo-int.com<\/a>\n\t<h3><a href=\"https:\/\/sil-online.nl\/mundo\/mundo-aalsmeer\/\">Mundo Airfreight<\/a><\/h3>\nAalsmeerderweg 47 Unit 6A<br \/>\n1432 CG Aalsmeer<br \/>\nThe Netherlands &#8211; <a href=\"https:\/\/goo.gl\/maps\/C1XG4Z5zpFdBFrMv6\" target=\"_blank\" rel=\"noopener noreferrer\">route<\/a>\nT \u00a0+31 (0)20 4055071<br \/>\nE \u00a0<a href=\"mailto:airfreight@mundo-int.com\">airfreight@mundo-int.com<\/a>\n\t<h3><a href=\"https:\/\/sil-online.nl\/mundo\/mundo-panama\/\">Mundo Internacional Panam\u00e1 S.A.<\/a><\/h3>\nCalle 4ta, Avenida 4ta<br \/>\nFrance Field<br \/>\nColon Free Zone<br \/>\nPanama &#8211; <a href=\"https:\/\/goo.gl\/maps\/zoL2Ty9uXESTe1DBA\" target=\"_blank\" rel=\"noopener noreferrer\">route<\/a>\n<p>E \u00a0<a href=\"mailto:sales-panama@mundo-int.com\">sales-panama@mundo-int.com<\/a><\/p>\n\t\t\t<a href=\"https:\/\/mundo-int.com\/es\/contact\/\" target=\"_self\" role=\"button\" rel=\"noopener noreferrer\">\n\t\t\t\t\t\t\tCONTACTO\n\t\t\t\t\t<\/a>\n","protected":false},"excerpt":{"rendered":"<p>Su carga convencional llega segura al destino final Somos previsores solicitar oferta Carga convencional Nuestra especialidad Home \u00bb Servicios \u00bb Carga convencional Carga convencional Mundo International Logistics est\u00e1 especializado en carga convencional. Cuanto m\u00e1s \u00fanica, mejor. Para nosotros, nada es demasiado grande, demasiado largo, pesado o alto. Nos gustan los desaf\u00edos. Nuestro experimentado equipo de&hellip;<\/p>\n","protected":false},"author":1,"featured_media":0,"parent":1078,"menu_order":0,"comment_status":"closed","ping_status":"closed","template":"","meta":{"inline_featured_image":false,"footnotes":""},"class_list":["post-1082","page","type-page","status-publish","hentry"],"yoast_head":"<!-- This site is optimized with the Yoast SEO plugin v25.6 - https:\/\/yoast.com\/wordpress\/plugins\/seo\/ -->\n<title>Mundo env\u00edo global de cargas complejas, de gran tama\u00f1o y pesadas<\/title>\n<meta name=\"description\" content=\"Mundo International es especialista en carga convencional env\u00edos globales de cargas complejas, sobredimensionadas y pesadas.\" \/>\n<meta name=\"robots\" content=\"index, follow, max-snippet:-1, max-image-preview:large, max-video-preview:-1\" \/>\n<link rel=\"canonical\" href=\"https:\/\/mundo-int.com\/es\/servicios\/carga-convencional\/\" \/>\n<meta property=\"og:locale\" content=\"es_ES\" \/>\n<meta property=\"og:type\" content=\"article\" \/>\n<meta property=\"og:title\" content=\"Mundo env\u00edo global de cargas complejas, de gran tama\u00f1o y pesadas\" \/>\n<meta property=\"og:description\" content=\"Mundo International es especialista en carga convencional env\u00edos globales de cargas complejas, sobredimensionadas y pesadas.\" \/>\n<meta property=\"og:url\" content=\"https:\/\/mundo-int.com\/es\/servicios\/carga-convencional\/\" \/>\n<meta property=\"og:site_name\" content=\"Mundo\" \/>\n<meta property=\"article:publisher\" content=\"https:\/\/www.facebook.com\/mundointernational\/\" \/>\n<meta property=\"article:modified_time\" content=\"2020-09-02T14:10:26+00:00\" \/>\n<meta property=\"og:image\" content=\"https:\/\/mundo-int.com\/wp-content\/uploads\/2020\/07\/cargo-plane-mundo.jpg\" \/>\n<meta name=\"twitter:card\" content=\"summary_large_image\" \/>\n<meta name=\"twitter:label1\" content=\"Tiempo de lectura\" \/>\n\t<meta name=\"twitter:data1\" content=\"3 minutos\" \/>\n<script type=\"application\/ld+json\" class=\"yoast-schema-graph\">{\"@context\":\"https:\/\/schema.org\",\"@graph\":[{\"@type\":\"WebPage\",\"@id\":\"https:\/\/mundo-int.com\/es\/servicios\/carga-convencional\/\",\"url\":\"https:\/\/mundo-int.com\/es\/servicios\/carga-convencional\/\",\"name\":\"Mundo env\u00edo global de cargas complejas, de gran tama\u00f1o y pesadas\",\"isPartOf\":{\"@id\":\"https:\/\/mundo-int.com\/es\/#website\"},\"primaryImageOfPage\":{\"@id\":\"https:\/\/mundo-int.com\/es\/servicios\/carga-convencional\/#primaryimage\"},\"image\":{\"@id\":\"https:\/\/mundo-int.com\/es\/servicios\/carga-convencional\/#primaryimage\"},\"thumbnailUrl\":\"https:\/\/mundo-int.com\/wp-content\/uploads\/2020\/07\/cargo-plane-mundo.jpg\",\"datePublished\":\"2020-04-27T04:59:35+00:00\",\"dateModified\":\"2020-09-02T14:10:26+00:00\",\"description\":\"Mundo International es especialista en carga convencional env\u00edos globales de cargas complejas, sobredimensionadas y pesadas.\",\"breadcrumb\":{\"@id\":\"https:\/\/mundo-int.com\/es\/servicios\/carga-convencional\/#breadcrumb\"},\"inLanguage\":\"es\",\"potentialAction\":[{\"@type\":\"ReadAction\",\"target\":[\"https:\/\/mundo-int.com\/es\/servicios\/carga-convencional\/\"]}]},{\"@type\":\"ImageObject\",\"inLanguage\":\"es\",\"@id\":\"https:\/\/mundo-int.com\/es\/servicios\/carga-convencional\/#primaryimage\",\"url\":\"https:\/\/mundo-int.com\/wp-content\/uploads\/2020\/07\/cargo-plane-mundo.jpg\",\"contentUrl\":\"https:\/\/mundo-int.com\/wp-content\/uploads\/2020\/07\/cargo-plane-mundo.jpg\"},{\"@type\":\"BreadcrumbList\",\"@id\":\"https:\/\/mundo-int.com\/es\/servicios\/carga-convencional\/#breadcrumb\",\"itemListElement\":[{\"@type\":\"ListItem\",\"position\":1,\"name\":\"Home\",\"item\":\"https:\/\/mundo-int.com\/es\/\"},{\"@type\":\"ListItem\",\"position\":2,\"name\":\"Servicios\",\"item\":\"https:\/\/mundo-int.com\/es\/servicios\/\"},{\"@type\":\"ListItem\",\"position\":3,\"name\":\"Carga convencional\"}]},{\"@type\":\"WebSite\",\"@id\":\"https:\/\/mundo-int.com\/es\/#website\",\"url\":\"https:\/\/mundo-int.com\/es\/\",\"name\":\"Mundo International\",\"description\":\"International Logistics\",\"publisher\":{\"@id\":\"https:\/\/mundo-int.com\/es\/#organization\"},\"potentialAction\":[{\"@type\":\"SearchAction\",\"target\":{\"@type\":\"EntryPoint\",\"urlTemplate\":\"https:\/\/mundo-int.com\/es\/?s={search_term_string}\"},\"query-input\":{\"@type\":\"PropertyValueSpecification\",\"valueRequired\":true,\"valueName\":\"search_term_string\"}}],\"inLanguage\":\"es\"},{\"@type\":\"Organization\",\"@id\":\"https:\/\/mundo-int.com\/es\/#organization\",\"name\":\"Mundo International Logistics\",\"alternateName\":\"Mundo\",\"url\":\"https:\/\/mundo-int.com\/es\/\",\"logo\":{\"@type\":\"ImageObject\",\"inLanguage\":\"es\",\"@id\":\"https:\/\/mundo-int.com\/es\/#\/schema\/logo\/image\/\",\"url\":\"https:\/\/mundo-int.com\/wp-content\/uploads\/2020\/04\/logo-Mundo-rood.svg\",\"contentUrl\":\"https:\/\/mundo-int.com\/wp-content\/uploads\/2020\/04\/logo-Mundo-rood.svg\",\"width\":\"1024\",\"height\":\"1024\",\"caption\":\"Mundo International Logistics\"},\"image\":{\"@id\":\"https:\/\/mundo-int.com\/es\/#\/schema\/logo\/image\/\"},\"sameAs\":[\"https:\/\/www.facebook.com\/mundointernational\/\"]}]}<\/script>\n<!-- \/ Yoast SEO plugin. -->","yoast_head_json":{"title":"Mundo env\u00edo global de cargas complejas, de gran tama\u00f1o y pesadas","description":"Mundo International es especialista en carga convencional env\u00edos globales de cargas complejas, sobredimensionadas y pesadas.","robots":{"index":"index","follow":"follow","max-snippet":"max-snippet:-1","max-image-preview":"max-image-preview:large","max-video-preview":"max-video-preview:-1"},"canonical":"https:\/\/mundo-int.com\/es\/servicios\/carga-convencional\/","og_locale":"es_ES","og_type":"article","og_title":"Mundo env\u00edo global de cargas complejas, de gran tama\u00f1o y pesadas","og_description":"Mundo International es especialista en carga convencional env\u00edos globales de cargas complejas, sobredimensionadas y pesadas.","og_url":"https:\/\/mundo-int.com\/es\/servicios\/carga-convencional\/","og_site_name":"Mundo","article_publisher":"https:\/\/www.facebook.com\/mundointernational\/","article_modified_time":"2020-09-02T14:10:26+00:00","og_image":[{"url":"https:\/\/mundo-int.com\/wp-content\/uploads\/2020\/07\/cargo-plane-mundo.jpg","type":"","width":"","height":""}],"twitter_card":"summary_large_image","twitter_misc":{"Tiempo de lectura":"3 minutos"},"schema":{"@context":"https:\/\/schema.org","@graph":[{"@type":"WebPage","@id":"https:\/\/mundo-int.com\/es\/servicios\/carga-convencional\/","url":"https:\/\/mundo-int.com\/es\/servicios\/carga-convencional\/","name":"Mundo env\u00edo global de cargas complejas, de gran tama\u00f1o y pesadas","isPartOf":{"@id":"https:\/\/mundo-int.com\/es\/#website"},"primaryImageOfPage":{"@id":"https:\/\/mundo-int.com\/es\/servicios\/carga-convencional\/#primaryimage"},"image":{"@id":"https:\/\/mundo-int.com\/es\/servicios\/carga-convencional\/#primaryimage"},"thumbnailUrl":"https:\/\/mundo-int.com\/wp-content\/uploads\/2020\/07\/cargo-plane-mundo.jpg","datePublished":"2020-04-27T04:59:35+00:00","dateModified":"2020-09-02T14:10:26+00:00","description":"Mundo International es especialista en carga convencional env\u00edos globales de cargas complejas, sobredimensionadas y pesadas.","breadcrumb":{"@id":"https:\/\/mundo-int.com\/es\/servicios\/carga-convencional\/#breadcrumb"},"inLanguage":"es","potentialAction":[{"@type":"ReadAction","target":["https:\/\/mundo-int.com\/es\/servicios\/carga-convencional\/"]}]},{"@type":"ImageObject","inLanguage":"es","@id":"https:\/\/mundo-int.com\/es\/servicios\/carga-convencional\/#primaryimage","url":"https:\/\/mundo-int.com\/wp-content\/uploads\/2020\/07\/cargo-plane-mundo.jpg","contentUrl":"https:\/\/mundo-int.com\/wp-content\/uploads\/2020\/07\/cargo-plane-mundo.jpg"},{"@type":"BreadcrumbList","@id":"https:\/\/mundo-int.com\/es\/servicios\/carga-convencional\/#breadcrumb","itemListElement":[{"@type":"ListItem","position":1,"name":"Home","item":"https:\/\/mundo-int.com\/es\/"},{"@type":"ListItem","position":2,"name":"Servicios","item":"https:\/\/mundo-int.com\/es\/servicios\/"},{"@type":"ListItem","position":3,"name":"Carga convencional"}]},{"@type":"WebSite","@id":"https:\/\/mundo-int.com\/es\/#website","url":"https:\/\/mundo-int.com\/es\/","name":"Mundo International","description":"International Logistics","publisher":{"@id":"https:\/\/mundo-int.com\/es\/#organization"},"potentialAction":[{"@type":"SearchAction","target":{"@type":"EntryPoint","urlTemplate":"https:\/\/mundo-int.com\/es\/?s={search_term_string}"},"query-input":{"@type":"PropertyValueSpecification","valueRequired":true,"valueName":"search_term_string"}}],"inLanguage":"es"},{"@type":"Organization","@id":"https:\/\/mundo-int.com\/es\/#organization","name":"Mundo International Logistics","alternateName":"Mundo","url":"https:\/\/mundo-int.com\/es\/","logo":{"@type":"ImageObject","inLanguage":"es","@id":"https:\/\/mundo-int.com\/es\/#\/schema\/logo\/image\/","url":"https:\/\/mundo-int.com\/wp-content\/uploads\/2020\/04\/logo-Mundo-rood.svg","contentUrl":"https:\/\/mundo-int.com\/wp-content\/uploads\/2020\/04\/logo-Mundo-rood.svg","width":"1024","height":"1024","caption":"Mundo International Logistics"},"image":{"@id":"https:\/\/mundo-int.com\/es\/#\/schema\/logo\/image\/"},"sameAs":["https:\/\/www.facebook.com\/mundointernational\/"]}]}},"_links":{"self":[{"href":"https:\/\/mundo-int.com\/es\/wp-json\/wp\/v2\/pages\/1082"}],"collection":[{"href":"https:\/\/mundo-int.com\/es\/wp-json\/wp\/v2\/pages"}],"about":[{"href":"https:\/\/mundo-int.com\/es\/wp-json\/wp\/v2\/types\/page"}],"author":[{"embeddable":true,"href":"https:\/\/mundo-int.com\/es\/wp-json\/wp\/v2\/users\/1"}],"replies":[{"embeddable":true,"href":"https:\/\/mundo-int.com\/es\/wp-json\/wp\/v2\/comments?post=1082"}],"version-history":[{"count":14,"href":"https:\/\/mundo-int.com\/es\/wp-json\/wp\/v2\/pages\/1082\/revisions"}],"predecessor-version":[{"id":1891,"href":"https:\/\/mundo-int.com\/es\/wp-json\/wp\/v2\/pages\/1082\/revisions\/1891"}],"up":[{"embeddable":true,"href":"https:\/\/mundo-int.com\/es\/wp-json\/wp\/v2\/pages\/1078"}],"wp:attachment":[{"href":"https:\/\/mundo-int.com\/es\/wp-json\/wp\/v2\/media?parent=1082"}],"curies":[{"name":"wp","href":"https:\/\/api.w.org\/{rel}","templated":true}]}}