{"id":1072,"date":"2020-04-30T11:40:31","date_gmt":"2020-04-30T09:40:31","guid":{"rendered":"https:\/\/sil-online.nl\/mundo\/about-mundo\/team\/"},"modified":"2025-07-09T14:08:44","modified_gmt":"2025-07-09T12:08:44","slug":"equipo","status":"publish","type":"page","link":"https:\/\/mundo-int.com\/es\/especialista-en-transporte\/equipo\/","title":{"rendered":"Nuestro equipo"},"content":{"rendered":"\n<h1>\n\t\t\tNuestro dedicado equipo profesional y expertos en log\u00edstica\t<\/h1>\n\t\t\t<a href=\"https:\/\/mundo-int.com\/es\/solicitud-de-cotizacion\/\" target=\"_self\" rel=\"noopener\">\n\t\t\t\t\t\t\tsolicitar oferta\n\t\t\t\t\t<\/a>\n\t<nav id=\"breadcrumbs\" aria-label=\"Breadcrumbs\"><a href=\"https:\/\/mundo-int.com\/es\/\">Home<\/a> \u00bb <a href=\"https:\/\/mundo-int.com\/es\/especialista-en-transporte\/\">Sobre mundo<\/a> \u00bb Nuestro equipo<\/nav><h2>\n\t\t\tSu carga es importante para nosotros\t<\/h2>\n\t<h2>Soluciones log\u00edsticas: Mundo International &#8211; su socio de confianza en el transporte global de mercanc\u00edas<\/h2>\n<p>En Mundo International Logistics, valoramos el contacto personal. Su carga es de gran importancia, y nuestros especialistas en transporte dedicados est\u00e1n listos para transportar sus mercanc\u00edas sin problemas desde el punto A hasta el punto B.<\/p>\n<p>Nos involucramos sinceramente en su encargo, donde usted no es solo un n\u00famero, sino un valioso colaborador. Buscamos establecer una relaci\u00f3n a largo plazo con usted como cliente. Con m\u00e1s de 20 a\u00f1os de experiencia en el sector log\u00edstico, contamos con una red extensa y confiable.<\/p>\n<p>Nuestro equipo en Mundo est\u00e1 formado por individuos apasionados con una profunda afinidad por el transporte. Sobresalimos en la toma de decisiones \u00e1giles y en mantener l\u00edneas de comunicaci\u00f3n claras.<\/p>\n<p>Como experimentados transitarios, nuestro objetivo es encontrar las mejores soluciones log\u00edsticas seg\u00fan sus necesidades.<\/p>\n<p>Somos sus confiables especialistas en transporte y nos encargamos de:<\/p>\n<ul>\n<li>Elaborar los contratos necesarios<\/li>\n<li>Preparar los documentos de carga<\/li>\n<li>Gestionar los manifiestos<\/li>\n<li>Ofrecer asesoramiento sobre incoterms<\/li>\n<li>Obtener permisos<\/li>\n<li>Gestionar las formalidades aduaneras<\/li>\n<\/ul>\n<p>Con nuestro profundo conocimiento del panorama del transporte, su transporte internacional se organiza de manera r\u00e1pida y precisa, de puerta a puerta.<\/p>\n<p>Lo que distingue a Mundo International Logistics es nuestra dedicaci\u00f3n a construir asociaciones a largo plazo, simplificando la complejidad de la din\u00e1mica industria log\u00edstica.<\/p>\n<p>&nbsp;<\/p>\n<p>Nuestro <strong>equipo multiling\u00fce<\/strong>, con fluidez en ingl\u00e9s, espa\u00f1ol, portugu\u00e9s y neerland\u00e9s, est\u00e1 listo para ayudar con cualquier consulta log\u00edstica relacionada con el transporte de su carga. Ofrecemos un soporte integral y esperamos con inter\u00e9s discutir sus necesidades<\/p>\n<p>&nbsp;<\/p>\n\t\t\t\t<img decoding=\"async\" src=\"https:\/\/mundo-int.com\/wp-content\/uploads\/2024\/10\/fabvoorweb.jpg\" alt=\"Fabrisio da Cruz Mundo\" itemprop=\"image\" height=\"1080\" width=\"1080\" title=\"fabvoorweb\" onerror=\"this.style.display='none'\" loading='lazy' \/>\n\t<h3>Fabrisio da Cruz<\/h3>\n<h5>SALES<\/h5>\nPhone: +<a href=\"tel:0031186622252\">31 (0)186 622252<\/a><br \/>\nMobile phone: +<a href=\"tel:+31 (0)6 22 301 756\">+31 (0)6 22 301 756<\/a><br \/>\nMail: <a href=\"mailto:sales@mundo-int.com\">sales@mundo-int.com<\/a>\n\t\t\t\t<img decoding=\"async\" src=\"https:\/\/mundo-int.com\/wp-content\/uploads\/2024\/10\/alex-1.png\" alt=\"Alexander Lopes Mundo International\" itemprop=\"image\" height=\"567\" width=\"567\" title=\"alex\" onerror=\"this.style.display='none'\" loading='lazy' \/>\n\t<h3>Alexander Lopes<\/h3>\n<h5>OPERACIONES<\/h5>\nPhone: +<a href=\"tel:0031186622252\">31 (0)186 622252<\/a><br \/>\nMobile phone: +<a href=\"tel:+31 (0)6 22 301 756\">+31 (0)6 30 41 51 50<\/a><br \/>\nMail: <a href=\"mailto:ops@mundo-int.com\">ops@mundo-int.com<\/a>\n\t\t\t\t<img decoding=\"async\" src=\"https:\/\/mundo-int.com\/wp-content\/uploads\/2022\/09\/sebastian-2-300x300.jpg\" alt=\"Sebastian Maljers Mundo International Logistics\" itemprop=\"image\" height=\"300\" width=\"300\" title=\"sebastian-2\" onerror=\"this.style.display='none'\" loading='lazy' \/>\n\t<h3>Sebastian Maljers<\/h3>\n<h5>OPERACIONES<\/h5>\nPhone: +<a href=\"tel:0031186622252\">31 (0)186 622252<\/a><br \/>\nMail: <a href=\"mailto:ops@mundo-int.com\">ops@mundo-int.com<\/a>\n\t\t\t\t<a href=\"https:\/\/www.linkedin.com\/pulse\/mijn-leven-de-logistiek-een-nieuw-avontuur\/?trackingId=JiW8Df0NSeoFiUlDDzca%2BQ%3D%3D\" target=\"_self\" itemprop=\"url\" rel=\"noopener\">\n\t\t\t\t<img decoding=\"async\" src=\"https:\/\/mundo-int.com\/wp-content\/uploads\/2023\/07\/Michiel-2.jpg\" alt=\"Michiel Leentvaar\" itemprop=\"image\" height=\"1080\" width=\"1080\" title=\"Michiel\" onerror=\"this.style.display='none'\" loading='lazy' \/>\n\t\t\t\t<\/a>\n\t\t\t\t<a href=\"https:\/\/www.linkedin.com\/pulse\/stille-kracht-achter-mundo-karin-tabink-\/\" target=\"_blank\" rel=\"noopener\" itemprop=\"url\">\n\t\t\t\t<img decoding=\"async\" src=\"https:\/\/mundo-int.com\/wp-content\/uploads\/2022\/09\/karin-tabink-300x300.jpg\" alt=\"karin tabink Mundo International Logistics\" itemprop=\"image\" height=\"300\" width=\"300\" title=\"karin-tabink\" onerror=\"this.style.display='none'\" loading='lazy' \/>\n\t\t\t\t<\/a>\n\t\t\t\t<img decoding=\"async\" src=\"https:\/\/mundo-int.com\/wp-content\/uploads\/2022\/09\/paula-2-300x300.jpg\" alt=\"Paula Ackermann Mundo International Logistics\" itemprop=\"image\" height=\"300\" width=\"300\" title=\"paula-2\" onerror=\"this.style.display='none'\" loading='lazy' \/>\n\t<h3>Michiel Leentvaar<\/h3>\n<h5>OPERACIONES<\/h5>\nPhone: +<a href=\"tel:0031186622252\">31 (0)186 622252<\/a><br \/>\nMail: <a href=\"mailto:sales@mundo-int.com\">ops@mundo-int.com<\/a>\n\t<h3>Karin Tabink<\/h3>\n<h5>FINANZAS<\/h5>\nPhone: +<a href=\"tel:0031186622252\">31 (0)186 622252<\/a><br \/>\nMail: <a href=\"mailto:admin@mundo-int.com\">admin@mundo-int.com<\/a>\n\t<h3>Paula Ackermann<\/h3>\n<h5>MARKETING<\/h5>\nPhone: +<a href=\"tel:0031623457300\">31 (0)6 23457300<\/a><br \/>\nMail: <a href=\"mailto:marketing@mundo-int.com\">marketing@mundo-int.com<\/a>\n\t\t\t\t<a href=\"https:\/\/www.linkedin.com\/pulse\/our-man-mundo-mexico-alejandro-garcia-mundo-international-logistics\/\" target=\"_blank\" rel=\"noopener\" itemprop=\"url\">\n\t\t\t\t<img decoding=\"async\" src=\"https:\/\/mundo-int.com\/wp-content\/uploads\/2022\/09\/Alejandro-Garcia-2-300x300.jpg\" alt=\"Alejandro Gracia Mundo International Logistics Mexico\" itemprop=\"image\" height=\"300\" width=\"300\" title=\"Alejandro-Garcia-2\" onerror=\"this.style.display='none'\" loading='lazy' \/>\n\t\t\t\t<\/a>\n\t\t\t\t<a href=\"https:\/\/www.linkedin.com\/pulse\/een-onenight-stand-leuk-langdurige-relatie-\/\" target=\"_blank\" rel=\"noopener\" itemprop=\"url\">\n\t\t\t\t<img decoding=\"async\" src=\"https:\/\/mundo-int.com\/wp-content\/uploads\/2022\/09\/rob-300x300.jpg\" alt=\"Rob Gouwerok Mundo International Logistics\" itemprop=\"image\" height=\"300\" width=\"300\" title=\"rob\" onerror=\"this.style.display='none'\" loading='lazy' \/>\n\t\t\t\t<\/a>\n\t\t\t\t<a href=\"https:\/\/www.linkedin.com\/posts\/mundo-international-logistics_transport-logistiek-logistics-activity-7009098481277485058-sQmB\/?utm_source=share&#038;utm_medium=member_desktop\" target=\"_blank\" rel=\"noopener\" itemprop=\"url\">\n\t\t\t\t<img decoding=\"async\" src=\"https:\/\/mundo-int.com\/wp-content\/uploads\/2022\/09\/ricardo-300x300.jpg\" alt=\"Ricardo Santos Mundo International Logistics\" itemprop=\"image\" height=\"300\" width=\"300\" title=\"ricardo\" onerror=\"this.style.display='none'\" loading='lazy' \/>\n\t\t\t\t<\/a>\n\t<h3>Alejandro Garcia Abreu<\/h3>\n<h5>MEXICO MERIDA OFFICE<\/h5>\nMobile:\u00a0<a href=\"bel: +52 999 127 6808\">+52 999 178 1894<\/a><br \/>\nMail:\u00a0<a href=\"mailto:alejandro.garcia@mundo-int.com\">alejandro.garcia@mundo-int.com<\/a>\n\t<h3>Rob Gouwerok<\/h3>\n<h5>CARGA AEREA<\/h5>\nPhone: +<a href=\"tel:0031204055071\">31 (0)20 4055071<\/a><br \/>\nMail: <a href=\"mailto:airfreight@mundo-int.com\">airfreight@mundo-int.com<\/a>\n\t<h3>Ricardo dos Santos<\/h3>\n<h5>CARGA AEREA<\/h5>\nPhone: +<a href=\"tel:0031204055071\">31 (0)20 4055071<\/a><br \/>\nMail: <a href=\"mailto:airfreight@mundo-int.com\">airfreight@mundo-int.com<\/a>\n\t\t\t\t<img decoding=\"async\" src=\"https:\/\/mundo-int.com\/wp-content\/uploads\/2024\/10\/marsvoorweb.jpg\" alt=\"Marcel Op den Kelder Mundo International\" itemprop=\"image\" height=\"1080\" width=\"1080\" title=\"marsvoorweb\" onerror=\"this.style.display='none'\" loading='lazy' \/>\n\t<h3>Marcel Op den Kelder<\/h3>\n<h5>FUDADOR\/DIRECCION<\/h5>\nPhone: +<a href=\"tel:0031622206032\">31 (0)6 22 206 032<\/a><br \/>\nMail: <a href=\"mailto:sales@mundo-int.com\">sales@mundo-int.com<\/a>\n\t\t\t<a href=\"https:\/\/mundo-int.com\/es\/contacto\/\" target=\"_self\" rel=\"noopener\">\n\t\t\t\t\t\t\tCONTACTO\n\t\t\t\t\t<\/a>\n\t<h3><a href=\"https:\/\/mundo-int.com\/mundo-hoofkantoor\/\">Mundo International Logistics B.V.(Head office)<\/a><\/h3>\nBeneden Molendijk 29<br \/>\n3262 AA Oud-Beijerland<br \/>\n<strong>The Netherlands<\/strong> &#8211; <a href=\"https:\/\/goo.gl\/maps\/DB5sXFk4N3Db6sKa9\" target=\"_blank\" rel=\"noopener\">route<\/a><br \/>\nChamber of Commerce nr. 52108856\nT \u00a0+31 (0)186 622252<br \/>\nE \u00a0<a href=\"mailto:sales@mundo-int.com\">sales@mundo-int.com<\/a>\n\t<h3><a href=\"https:\/\/mundo-int.com\/diensten\/mundo-airfreight-amsterdam\/\">Mundo Amsterdam Airfreight<\/a><\/h3>\nAmsterdamseweg 13N<br \/>\n1422AC\u00a0 Uithoorn<br \/>\n<strong>The Netherlands<\/strong>\nT \u00a0+31 (0)20 4055071<br \/>\nE \u00a0<a href=\"mailto:airfreight@mundo-int.com\">airfreight@mundo-int.com<\/a>\n\t<h3>Trimundo Logistics SA DE CV<\/h3>\n<p>Calle 39 # 300 &#8211; B, Oficina 2, por 36 y 38<\/p>\n<p>Colonia: Ampliaci\u00f3n Sodzil, <strong>M\u00e9rida<\/strong> <\/p>\n<p>CP: 97115<\/p>\n<p>T (+52) 999 178 1894<\/p>\n<p>E \u00a0<a href=\"mailto:alejandro.garcia@mundo-int.com\" target=\"_blank\" rel=\"noopener noreferrer\" data-auth=\"NotApplicable\" data-linkindex=\"4\">alejandro.garcia@mundo-int.com<\/a><\/p>\n\t<h3>Mundo Internacional Panam\u00e1 S.A.<\/h3>\nAvenida Randolph,<br \/>\nLote 16\u00aa-16B &#8211; Coco Solo Norte<br \/>\nCol\u00f3n, <strong>Rep. de Panam\u00e1<\/strong>\n<p>E \u00a0<a href=\"mailto:sales-panama@mundo-int.com\" target=\"_blank\" rel=\"noopener noreferrer\" data-auth=\"NotApplicable\" data-linkindex=\"4\">sales-panama@mundo-int.com<\/a><\/p>\n<p>&nbsp;<\/p>\n\n","protected":false},"excerpt":{"rendered":"<p>Nuestro dedicado equipo profesional y expertos en log\u00edstica solicitar oferta Home \u00bb Sobre mundo \u00bb Nuestro equipo Su carga es importante para nosotros Soluciones log\u00edsticas: Mundo International &#8211; su socio de confianza en el transporte global de mercanc\u00edas En Mundo International Logistics, valoramos el contacto personal. Su carga es de gran importancia, y nuestros especialistas&hellip;<\/p>\n","protected":false},"author":1,"featured_media":0,"parent":1070,"menu_order":0,"comment_status":"closed","ping_status":"closed","template":"","meta":{"inline_featured_image":false,"footnotes":""},"class_list":["post-1072","page","type-page","status-publish","hentry"],"yoast_head":"<!-- This site is optimized with the Yoast SEO plugin v25.6 - https:\/\/yoast.com\/wordpress\/plugins\/seo\/ -->\n<title>Nuestro dedicado equipo profesional y expertos en log\u00edstica<\/title>\n<meta name=\"description\" content=\"Nuestro dedicado equipo profesional y expertos en log\u00edstica. Nuestro equipo habla ingl\u00e9s, espa\u00f1ol, portugu\u00e9s y holand\u00e9s.\" \/>\n<meta name=\"robots\" content=\"index, follow, max-snippet:-1, max-image-preview:large, max-video-preview:-1\" \/>\n<link rel=\"canonical\" href=\"https:\/\/mundo-int.com\/es\/especialista-en-transporte\/equipo\/\" \/>\n<meta property=\"og:locale\" content=\"es_ES\" \/>\n<meta property=\"og:type\" content=\"article\" \/>\n<meta property=\"og:title\" content=\"Nuestro dedicado equipo profesional y expertos en log\u00edstica\" \/>\n<meta property=\"og:description\" content=\"Nuestro dedicado equipo profesional y expertos en log\u00edstica. Nuestro equipo habla ingl\u00e9s, espa\u00f1ol, portugu\u00e9s y holand\u00e9s.\" \/>\n<meta property=\"og:url\" content=\"https:\/\/mundo-int.com\/es\/especialista-en-transporte\/equipo\/\" \/>\n<meta property=\"og:site_name\" content=\"Mundo\" \/>\n<meta property=\"article:publisher\" content=\"https:\/\/www.facebook.com\/mundointernational\/\" \/>\n<meta property=\"article:modified_time\" content=\"2025-07-09T12:08:44+00:00\" \/>\n<meta property=\"og:image\" content=\"https:\/\/mundo-int.com\/wp-content\/uploads\/2024\/10\/fabvoorweb.jpg\" \/>\n<meta name=\"twitter:card\" content=\"summary_large_image\" \/>\n<meta name=\"twitter:label1\" content=\"Tiempo de lectura\" \/>\n\t<meta name=\"twitter:data1\" content=\"2 minutos\" \/>\n<script type=\"application\/ld+json\" class=\"yoast-schema-graph\">{\"@context\":\"https:\/\/schema.org\",\"@graph\":[{\"@type\":\"WebPage\",\"@id\":\"https:\/\/mundo-int.com\/es\/especialista-en-transporte\/equipo\/\",\"url\":\"https:\/\/mundo-int.com\/es\/especialista-en-transporte\/equipo\/\",\"name\":\"Nuestro dedicado equipo profesional y expertos en log\u00edstica\",\"isPartOf\":{\"@id\":\"https:\/\/mundo-int.com\/es\/#website\"},\"primaryImageOfPage\":{\"@id\":\"https:\/\/mundo-int.com\/es\/especialista-en-transporte\/equipo\/#primaryimage\"},\"image\":{\"@id\":\"https:\/\/mundo-int.com\/es\/especialista-en-transporte\/equipo\/#primaryimage\"},\"thumbnailUrl\":\"https:\/\/mundo-int.com\/wp-content\/uploads\/2024\/10\/fabvoorweb.jpg\",\"datePublished\":\"2020-04-30T09:40:31+00:00\",\"dateModified\":\"2025-07-09T12:08:44+00:00\",\"description\":\"Nuestro dedicado equipo profesional y expertos en log\u00edstica. Nuestro equipo habla ingl\u00e9s, espa\u00f1ol, portugu\u00e9s y holand\u00e9s.\",\"breadcrumb\":{\"@id\":\"https:\/\/mundo-int.com\/es\/especialista-en-transporte\/equipo\/#breadcrumb\"},\"inLanguage\":\"es\",\"potentialAction\":[{\"@type\":\"ReadAction\",\"target\":[\"https:\/\/mundo-int.com\/es\/especialista-en-transporte\/equipo\/\"]}]},{\"@type\":\"ImageObject\",\"inLanguage\":\"es\",\"@id\":\"https:\/\/mundo-int.com\/es\/especialista-en-transporte\/equipo\/#primaryimage\",\"url\":\"https:\/\/mundo-int.com\/wp-content\/uploads\/2024\/10\/fabvoorweb.jpg\",\"contentUrl\":\"https:\/\/mundo-int.com\/wp-content\/uploads\/2024\/10\/fabvoorweb.jpg\"},{\"@type\":\"BreadcrumbList\",\"@id\":\"https:\/\/mundo-int.com\/es\/especialista-en-transporte\/equipo\/#breadcrumb\",\"itemListElement\":[{\"@type\":\"ListItem\",\"position\":1,\"name\":\"Home\",\"item\":\"https:\/\/mundo-int.com\/es\/\"},{\"@type\":\"ListItem\",\"position\":2,\"name\":\"Sobre mundo\",\"item\":\"https:\/\/mundo-int.com\/es\/especialista-en-transporte\/\"},{\"@type\":\"ListItem\",\"position\":3,\"name\":\"Nuestro equipo\"}]},{\"@type\":\"WebSite\",\"@id\":\"https:\/\/mundo-int.com\/es\/#website\",\"url\":\"https:\/\/mundo-int.com\/es\/\",\"name\":\"Mundo International\",\"description\":\"International Logistics\",\"publisher\":{\"@id\":\"https:\/\/mundo-int.com\/es\/#organization\"},\"potentialAction\":[{\"@type\":\"SearchAction\",\"target\":{\"@type\":\"EntryPoint\",\"urlTemplate\":\"https:\/\/mundo-int.com\/es\/?s={search_term_string}\"},\"query-input\":{\"@type\":\"PropertyValueSpecification\",\"valueRequired\":true,\"valueName\":\"search_term_string\"}}],\"inLanguage\":\"es\"},{\"@type\":\"Organization\",\"@id\":\"https:\/\/mundo-int.com\/es\/#organization\",\"name\":\"Mundo International Logistics\",\"alternateName\":\"Mundo\",\"url\":\"https:\/\/mundo-int.com\/es\/\",\"logo\":{\"@type\":\"ImageObject\",\"inLanguage\":\"es\",\"@id\":\"https:\/\/mundo-int.com\/es\/#\/schema\/logo\/image\/\",\"url\":\"https:\/\/mundo-int.com\/wp-content\/uploads\/2020\/04\/logo-Mundo-rood.svg\",\"contentUrl\":\"https:\/\/mundo-int.com\/wp-content\/uploads\/2020\/04\/logo-Mundo-rood.svg\",\"width\":\"1024\",\"height\":\"1024\",\"caption\":\"Mundo International Logistics\"},\"image\":{\"@id\":\"https:\/\/mundo-int.com\/es\/#\/schema\/logo\/image\/\"},\"sameAs\":[\"https:\/\/www.facebook.com\/mundointernational\/\"]}]}<\/script>\n<!-- \/ Yoast SEO plugin. -->","yoast_head_json":{"title":"Nuestro dedicado equipo profesional y expertos en log\u00edstica","description":"Nuestro dedicado equipo profesional y expertos en log\u00edstica. Nuestro equipo habla ingl\u00e9s, espa\u00f1ol, portugu\u00e9s y holand\u00e9s.","robots":{"index":"index","follow":"follow","max-snippet":"max-snippet:-1","max-image-preview":"max-image-preview:large","max-video-preview":"max-video-preview:-1"},"canonical":"https:\/\/mundo-int.com\/es\/especialista-en-transporte\/equipo\/","og_locale":"es_ES","og_type":"article","og_title":"Nuestro dedicado equipo profesional y expertos en log\u00edstica","og_description":"Nuestro dedicado equipo profesional y expertos en log\u00edstica. Nuestro equipo habla ingl\u00e9s, espa\u00f1ol, portugu\u00e9s y holand\u00e9s.","og_url":"https:\/\/mundo-int.com\/es\/especialista-en-transporte\/equipo\/","og_site_name":"Mundo","article_publisher":"https:\/\/www.facebook.com\/mundointernational\/","article_modified_time":"2025-07-09T12:08:44+00:00","og_image":[{"url":"https:\/\/mundo-int.com\/wp-content\/uploads\/2024\/10\/fabvoorweb.jpg","type":"","width":"","height":""}],"twitter_card":"summary_large_image","twitter_misc":{"Tiempo de lectura":"2 minutos"},"schema":{"@context":"https:\/\/schema.org","@graph":[{"@type":"WebPage","@id":"https:\/\/mundo-int.com\/es\/especialista-en-transporte\/equipo\/","url":"https:\/\/mundo-int.com\/es\/especialista-en-transporte\/equipo\/","name":"Nuestro dedicado equipo profesional y expertos en log\u00edstica","isPartOf":{"@id":"https:\/\/mundo-int.com\/es\/#website"},"primaryImageOfPage":{"@id":"https:\/\/mundo-int.com\/es\/especialista-en-transporte\/equipo\/#primaryimage"},"image":{"@id":"https:\/\/mundo-int.com\/es\/especialista-en-transporte\/equipo\/#primaryimage"},"thumbnailUrl":"https:\/\/mundo-int.com\/wp-content\/uploads\/2024\/10\/fabvoorweb.jpg","datePublished":"2020-04-30T09:40:31+00:00","dateModified":"2025-07-09T12:08:44+00:00","description":"Nuestro dedicado equipo profesional y expertos en log\u00edstica. Nuestro equipo habla ingl\u00e9s, espa\u00f1ol, portugu\u00e9s y holand\u00e9s.","breadcrumb":{"@id":"https:\/\/mundo-int.com\/es\/especialista-en-transporte\/equipo\/#breadcrumb"},"inLanguage":"es","potentialAction":[{"@type":"ReadAction","target":["https:\/\/mundo-int.com\/es\/especialista-en-transporte\/equipo\/"]}]},{"@type":"ImageObject","inLanguage":"es","@id":"https:\/\/mundo-int.com\/es\/especialista-en-transporte\/equipo\/#primaryimage","url":"https:\/\/mundo-int.com\/wp-content\/uploads\/2024\/10\/fabvoorweb.jpg","contentUrl":"https:\/\/mundo-int.com\/wp-content\/uploads\/2024\/10\/fabvoorweb.jpg"},{"@type":"BreadcrumbList","@id":"https:\/\/mundo-int.com\/es\/especialista-en-transporte\/equipo\/#breadcrumb","itemListElement":[{"@type":"ListItem","position":1,"name":"Home","item":"https:\/\/mundo-int.com\/es\/"},{"@type":"ListItem","position":2,"name":"Sobre mundo","item":"https:\/\/mundo-int.com\/es\/especialista-en-transporte\/"},{"@type":"ListItem","position":3,"name":"Nuestro equipo"}]},{"@type":"WebSite","@id":"https:\/\/mundo-int.com\/es\/#website","url":"https:\/\/mundo-int.com\/es\/","name":"Mundo International","description":"International Logistics","publisher":{"@id":"https:\/\/mundo-int.com\/es\/#organization"},"potentialAction":[{"@type":"SearchAction","target":{"@type":"EntryPoint","urlTemplate":"https:\/\/mundo-int.com\/es\/?s={search_term_string}"},"query-input":{"@type":"PropertyValueSpecification","valueRequired":true,"valueName":"search_term_string"}}],"inLanguage":"es"},{"@type":"Organization","@id":"https:\/\/mundo-int.com\/es\/#organization","name":"Mundo International Logistics","alternateName":"Mundo","url":"https:\/\/mundo-int.com\/es\/","logo":{"@type":"ImageObject","inLanguage":"es","@id":"https:\/\/mundo-int.com\/es\/#\/schema\/logo\/image\/","url":"https:\/\/mundo-int.com\/wp-content\/uploads\/2020\/04\/logo-Mundo-rood.svg","contentUrl":"https:\/\/mundo-int.com\/wp-content\/uploads\/2020\/04\/logo-Mundo-rood.svg","width":"1024","height":"1024","caption":"Mundo International Logistics"},"image":{"@id":"https:\/\/mundo-int.com\/es\/#\/schema\/logo\/image\/"},"sameAs":["https:\/\/www.facebook.com\/mundointernational\/"]}]}},"_links":{"self":[{"href":"https:\/\/mundo-int.com\/es\/wp-json\/wp\/v2\/pages\/1072"}],"collection":[{"href":"https:\/\/mundo-int.com\/es\/wp-json\/wp\/v2\/pages"}],"about":[{"href":"https:\/\/mundo-int.com\/es\/wp-json\/wp\/v2\/types\/page"}],"author":[{"embeddable":true,"href":"https:\/\/mundo-int.com\/es\/wp-json\/wp\/v2\/users\/1"}],"replies":[{"embeddable":true,"href":"https:\/\/mundo-int.com\/es\/wp-json\/wp\/v2\/comments?post=1072"}],"version-history":[{"count":45,"href":"https:\/\/mundo-int.com\/es\/wp-json\/wp\/v2\/pages\/1072\/revisions"}],"predecessor-version":[{"id":4910,"href":"https:\/\/mundo-int.com\/es\/wp-json\/wp\/v2\/pages\/1072\/revisions\/4910"}],"up":[{"embeddable":true,"href":"https:\/\/mundo-int.com\/es\/wp-json\/wp\/v2\/pages\/1070"}],"wp:attachment":[{"href":"https:\/\/mundo-int.com\/es\/wp-json\/wp\/v2\/media?parent=1072"}],"curies":[{"name":"wp","href":"https:\/\/api.w.org\/{rel}","templated":true}]}}